{"id":3162,"date":"2020-02-17T14:58:32","date_gmt":"2020-02-17T13:58:32","guid":{"rendered":"https:\/\/www.hiddenbay.eu\/?page_id=3162"},"modified":"2022-06-29T18:19:05","modified_gmt":"2022-06-29T16:19:05","slug":"gite-baie-de-somme-pastorie-van-cayeux-sur-mer","status":"publish","type":"page","link":"https:\/\/www.hiddenbay.eu\/nl\/hotelkamers-en-vakantiehuizen\/gite-baie-de-somme-pastorie-van-cayeux-sur-mer\/","title":{"rendered":"De Pastorie van Cayeux Sur Mer : G\u00eete baie de Somme"},"content":{"rendered":"<div class=\"wpb-content-wrapper\">[vc_row css=&#8221;.vc_custom_1551386519788{margin-bottom: 50px !important;}&#8221;][vc_column width=&#8221;2\/3&#8243;][rev_slider_vc alias=&#8221;hidden-philosophy&#8221;]<div class=\"vcex-spacing wpex-w-100 wpex-clear\"><\/div>[vc_column_text]\n<h3>Le presbyt\u00e8re de Cayeux Sur Mer: Hidden philosophy.<\/h3>\n<p>Onze g\u00eete &#8220;De Pastorie van Cayeux &#8221; is een vakantiehuis voor maximaal 12 personen en rustig gelegen in de Sommebaai.<\/p>\n<p>Geniet van een weekend of een week vakantie in de baai van de Somme zonder zorgen.<br \/>\nOnze g\u00eete biedt een ideale accommodatie voor familie of een groep goede vrienden.<\/p>\n<p>Deze voormalige pastorie ligt in het centrum van Cayeux-sur-Mer. Er is direct een parkeerplaats voor meerdere auto&#8217;s voor het huis.<br \/>\nMet respect voor de traditie van dit woning , is het huis aangepast aan het moderne comfort. Met WiFi en kabeltelevisie.<\/p>\n<ul>\n<li>In de 6 kamers bieden wij ruimte voor maximaal 12 personen.<\/li>\n<li>Er zijn 2 complete badkamers met toilet en ligbad en er is een derde badkamer met douche, wastafel en apart toilet.<\/li>\n<li>De keuken is ruim en gezellig met een mooi kookeiland, een magnetron, een vaatwasser en een Smeg-koelkast. U kunt Nespresso koffie maken of een traditionele koffiemachine gebruiken. Al het dagelijkse keukengerei is voldoende beschikbaar.<\/li>\n<li>Ook in de tuin kunt u een grote tafel dekken en een barbecue organiseren.<\/li>\n<\/ul>\n[\/vc_column_text]<div class=\"vcex-spacing wpex-w-100 wpex-clear\"><\/div>[vc_row_inner][vc_column_inner width=&#8221;1\/2&#8243;]<div class=\"vcex-module vcex-bullets vcex-bullets--vertical custom-icon\">1e verdieping 1: 4 slaapkamers<\/p>\n<ul role=\"list\">\n<li><div class=\"vcex-bullets-ci-wrap wpex-inline-flex\"><span class=\"vcex-bullets-icon-wrap vcex-icon-wrap wpex-mr-10\"><span class=\"vcex-bullets-icon vcex-icon fa fa-info-circle\" aria-hidden=\"true\"><\/span><\/span><div class=\"vcex-content wpex-flex-grow\">1 Slaapkamer : 2 x eenpersoonsbed<\/div><\/div><\/li>\n<li><div class=\"vcex-bullets-ci-wrap wpex-inline-flex\"><span class=\"vcex-bullets-icon-wrap vcex-icon-wrap wpex-mr-10\"><span class=\"vcex-bullets-icon vcex-icon fa fa-info-circle\" aria-hidden=\"true\"><\/span><\/span><div class=\"vcex-content wpex-flex-grow\">2 Slaapkamer : 1 tweepersoonsbed 2 pers + douche<\/div><\/div><\/li>\n<li><div class=\"vcex-bullets-ci-wrap wpex-inline-flex\"><span class=\"vcex-bullets-icon-wrap vcex-icon-wrap wpex-mr-10\"><span class=\"vcex-bullets-icon vcex-icon fa fa-info-circle\" aria-hidden=\"true\"><\/span><\/span><div class=\"vcex-content wpex-flex-grow\">3 Slaapkamer : 1 dubbel bed 2 pers.<\/div><\/div><\/li>\n<li><div class=\"vcex-bullets-ci-wrap wpex-inline-flex\"><span class=\"vcex-bullets-icon-wrap vcex-icon-wrap wpex-mr-10\"><span class=\"vcex-bullets-icon vcex-icon fa fa-info-circle\" aria-hidden=\"true\"><\/span><\/span><div class=\"vcex-content wpex-flex-grow\">4 Slaapkamer: 1 dubbel bed 2 pers.<\/div><\/div><\/li>\n<li><div class=\"vcex-bullets-ci-wrap wpex-inline-flex\"><span class=\"vcex-bullets-icon-wrap vcex-icon-wrap wpex-mr-10\"><span class=\"vcex-bullets-icon vcex-icon fa fa-info-circle\" aria-hidden=\"true\"><\/span><\/span><div class=\"vcex-content wpex-flex-grow\">Badkamer<\/div><\/div><\/li>\n<li><div class=\"vcex-bullets-ci-wrap wpex-inline-flex\"><span class=\"vcex-bullets-icon-wrap vcex-icon-wrap wpex-mr-10\"><span class=\"vcex-bullets-icon vcex-icon fa fa-info-circle\" aria-hidden=\"true\"><\/span><\/span><div class=\"vcex-content wpex-flex-grow\">Toilet<\/div><\/div><\/li>\n<\/ul>\n<p>2e verdieping: 2 Slaapkamers<\/p>\n<ul role=\"list\">\n<li><div class=\"vcex-bullets-ci-wrap wpex-inline-flex\"><span class=\"vcex-bullets-icon-wrap vcex-icon-wrap wpex-mr-10\"><span class=\"vcex-bullets-icon vcex-icon fa fa-info-circle\" aria-hidden=\"true\"><\/span><\/span><div class=\"vcex-content wpex-flex-grow\">1 Slaapkamer:1 \u00a03 bedden 1 per s<\/div><\/div><\/li>\n<li><div class=\"vcex-bullets-ci-wrap wpex-inline-flex\"><span class=\"vcex-bullets-icon-wrap vcex-icon-wrap wpex-mr-10\"><span class=\"vcex-bullets-icon vcex-icon fa fa-info-circle\" aria-hidden=\"true\"><\/span><\/span><div class=\"vcex-content wpex-flex-grow\">2 Slaapkamers: 2 tweepersoonsbedden<\/div><\/div><\/li>\n<li><div class=\"vcex-bullets-ci-wrap wpex-inline-flex\"><span class=\"vcex-bullets-icon-wrap vcex-icon-wrap wpex-mr-10\"><span class=\"vcex-bullets-icon vcex-icon fa fa-info-circle\" aria-hidden=\"true\"><\/span><\/span><div class=\"vcex-content wpex-flex-grow\">Badkamer<\/div><\/div><\/li>\n<li><div class=\"vcex-bullets-ci-wrap wpex-inline-flex\"><span class=\"vcex-bullets-icon-wrap vcex-icon-wrap wpex-mr-10\"><span class=\"vcex-bullets-icon vcex-icon fa fa-info-circle\" aria-hidden=\"true\"><\/span><\/span><div class=\"vcex-content wpex-flex-grow\">Toilet<\/div><\/div><\/li>\n<\/ul>\n<\/div>[\/vc_column_inner][vc_column_inner width=&#8221;1\/2&#8243;]<div class=\"vcex-module vcex-bullets vcex-bullets--vertical custom-icon\">\n<ul role=\"list\">\n<li><div class=\"vcex-bullets-ci-wrap wpex-inline-flex\"><span class=\"vcex-bullets-icon-wrap vcex-icon-wrap wpex-mr-10\"><span class=\"vcex-bullets-icon vcex-icon fa fa-info-circle\" aria-hidden=\"true\"><\/span><\/span><div class=\"vcex-content wpex-flex-grow\">12 personen<\/div><\/div><\/li>\n<li><div class=\"vcex-bullets-ci-wrap wpex-inline-flex\"><span class=\"vcex-bullets-icon-wrap vcex-icon-wrap wpex-mr-10\"><span class=\"vcex-bullets-icon vcex-icon fa fa-info-circle\" aria-hidden=\"true\"><\/span><\/span><div class=\"vcex-content wpex-flex-grow\">3 badkamers<\/div><\/div><\/li>\n<li><div class=\"vcex-bullets-ci-wrap wpex-inline-flex\"><span class=\"vcex-bullets-icon-wrap vcex-icon-wrap wpex-mr-10\"><span class=\"vcex-bullets-icon vcex-icon fa fa-info-circle\" aria-hidden=\"true\"><\/span><\/span><div class=\"vcex-content wpex-flex-grow\">1 Hedendaagse keuken<\/div><\/div><\/li>\n<li><div class=\"vcex-bullets-ci-wrap wpex-inline-flex\"><span class=\"vcex-bullets-icon-wrap vcex-icon-wrap wpex-mr-10\"><span class=\"vcex-bullets-icon vcex-icon fa fa-info-circle\" aria-hidden=\"true\"><\/span><\/span><div class=\"vcex-content wpex-flex-grow\">1 tuin<\/div><\/div><\/li>\n<li><div class=\"vcex-bullets-ci-wrap wpex-inline-flex\"><span class=\"vcex-bullets-icon-wrap vcex-icon-wrap wpex-mr-10\"><span class=\"vcex-bullets-icon vcex-icon fa fa-info-circle\" aria-hidden=\"true\"><\/span><\/span><div class=\"vcex-content wpex-flex-grow\">Gesloten domein<\/div><\/div><\/li>\n<li><div class=\"vcex-bullets-ci-wrap wpex-inline-flex\"><span class=\"vcex-bullets-icon-wrap vcex-icon-wrap wpex-mr-10\"><span class=\"vcex-bullets-icon vcex-icon fa fa-info-circle\" aria-hidden=\"true\"><\/span><\/span><div class=\"vcex-content wpex-flex-grow\"><strong>Reserveringen via externe link<\/strong><br \/>\n<strong>vanaf \u20ac 1425 per week<\/strong><\/div><\/div><\/li>\n<\/ul>\n<\/div>[\/vc_column_inner][\/vc_row_inner][\/vc_column][vc_column width=&#8221;1\/3&#8243;]<div class=\"reservationform\"><div class=\"room-price-widget deal\"><p class=\"from\">G\u00eete De Baie De Somme <\/p><div class=\"dealdesc\"> <p style=\"text-align: center;\"><strong>Weekend 2 nachten<\/strong><\/p>\n<p style=\"text-align: center;\"><strong>\u20ac 830-1550*<\/strong><\/p>\n<p style=\"text-align: center;\"><strong>Week 7 nachten<\/strong><\/p>\n<p style=\"text-align: center;\"><strong>\u20ac 1425 -2050 *<\/strong><\/p>\n<p style=\"text-align: center;\">*Afhankelijk van het seizoen<\/p>\n<\/div><p class=\"price-detail\">Pastorie van Cayeux Sur Mer <\/p><\/div><a href=\"https:\/\/www.gites.fr\/gites_gite-baie-de-somme-vacances-en-famille_cayeux-sur-mer_52150.htm\" target=\"_blank\" class=\"reserveren_nodate\">Check beschikbaarheid<\/a><\/div>[\/vc_column][\/vc_row]\n<\/div>","protected":false},"excerpt":{"rendered":"<p>[vc_row css=&#8221;.vc_custom_1551386519788{margin-bottom: 50px !important;}&#8221;][vc_column width=&#8221;2\/3&#8243;][rev_slider_vc alias=&#8221;hidden-philosophy&#8221;][vc_column_text] Le presbyt\u00e8re de Cayeux Sur Mer: Hidden philosophy. Onze g\u00eete &#8220;De Pastorie van Cayeux &#8221; is een vakantiehuis voor maximaal 12 personen en rustig gelegen in de Sommebaai. Geniet van een weekend of een week vakantie in de baai van de Somme zonder zorgen. Onze g\u00eete biedt een ideale accommodatie voor familie of een groep goede vrienden. Deze voormalige pastorie ligt in het centrum van Cayeux-sur-Mer. Er is direct een parkeerplaats voor meerdere auto&#8217;s voor het huis. Met respect voor de traditie van dit woning , is het huis aangepast aan het moderne comfort. Met WiFi en kabeltelevisie. In de 6 kamers bieden wij ruimte voor maximaal 12 personen. Er zijn 2 complete badkamers met toilet en ligbad en er is een derde badkamer met douche, wastafel en apart toilet. De keuken is ruim en gezellig met een mooi kookeiland, een magnetron, een vaatwasser en een Smeg-koelkast. U kunt Nespresso koffie maken of een traditionele koffiemachine gebruiken. Al het dagelijkse keukengerei is voldoende beschikbaar. Ook in de tuin kunt u een grote tafel dekken en een barbecue organiseren. [\/vc_column_text][vc_row_inner][vc_column_inner width=&#8221;1\/2&#8243;][\/vc_column_inner][vc_column_inner width=&#8221;1\/2&#8243;][\/vc_column_inner][\/vc_row_inner][\/vc_column][vc_column width=&#8221;1\/3&#8243;][\/vc_column][\/vc_row]<\/p>\n","protected":false},"author":3,"featured_media":3167,"parent":2333,"menu_order":6,"comment_status":"closed","ping_status":"closed","template":"","meta":{"_acf_changed":false,"footnotes":""},"class_list":["post-3162","page","type-page","status-publish","has-post-thumbnail","hentry","entry","has-media"],"acf":[],"yoast_head":"<!-- This site is optimized with the Yoast SEO plugin v27.4 - https:\/\/yoast.com\/product\/yoast-seo-wordpress\/ -->\n<title>De Pastorie van Cayeux Sur Mer : G\u00eete baie de Somme - Hidden Bay France<\/title>\n<meta name=\"description\" content=\"De pastorie van Cayeux Sur Mer. Onze g\u00eete in de Sommebaai biedt een ideale accommodatie voor familie of een groep goede vrienden.\" \/>\n<meta name=\"robots\" content=\"index, follow, max-snippet:-1, max-image-preview:large, max-video-preview:-1\" \/>\n<link rel=\"canonical\" href=\"https:\/\/www.hiddenbay.eu\/nl\/hotelkamers-en-vakantiehuizen\/gite-baie-de-somme-pastorie-van-cayeux-sur-mer\/\" \/>\n<meta property=\"og:locale\" content=\"nl_NL\" \/>\n<meta property=\"og:type\" content=\"article\" \/>\n<meta property=\"og:title\" content=\"De Pastorie van Cayeux Sur Mer : G\u00eete baie de Somme - Hidden Bay France\" \/>\n<meta property=\"og:description\" content=\"De pastorie van Cayeux Sur Mer. Onze g\u00eete in de Sommebaai biedt een ideale accommodatie voor familie of een groep goede vrienden.\" \/>\n<meta property=\"og:url\" content=\"https:\/\/www.hiddenbay.eu\/nl\/hotelkamers-en-vakantiehuizen\/gite-baie-de-somme-pastorie-van-cayeux-sur-mer\/\" \/>\n<meta property=\"og:site_name\" content=\"Hidden Bay France\" \/>\n<meta property=\"article:publisher\" content=\"https:\/\/www.facebook.com\/Hiddenbayhotel\/\" \/>\n<meta property=\"article:modified_time\" content=\"2022-06-29T16:19:05+00:00\" \/>\n<meta property=\"og:image\" content=\"https:\/\/www.hiddenbay.eu\/wp-content\/uploads\/2019\/03\/Presbyt\u00e8re-Cayeux-G\u00eete-de-Baie-de-Somme-kopie-3.jpg\" \/>\n\t<meta property=\"og:image:width\" content=\"1153\" \/>\n\t<meta property=\"og:image:height\" content=\"768\" \/>\n\t<meta property=\"og:image:type\" content=\"image\/jpeg\" \/>\n<meta name=\"twitter:card\" content=\"summary_large_image\" \/>\n<meta name=\"twitter:label1\" content=\"Geschatte leestijd\" \/>\n\t<meta name=\"twitter:data1\" content=\"2 minuten\" \/>\n<script type=\"application\/ld+json\" class=\"yoast-schema-graph\">{\"@context\":\"https:\\\/\\\/schema.org\",\"@graph\":[{\"@type\":\"WebPage\",\"@id\":\"https:\\\/\\\/www.hiddenbay.eu\\\/nl\\\/hotelkamers-en-vakantiehuizen\\\/gite-baie-de-somme-pastorie-van-cayeux-sur-mer\\\/\",\"url\":\"https:\\\/\\\/www.hiddenbay.eu\\\/nl\\\/hotelkamers-en-vakantiehuizen\\\/gite-baie-de-somme-pastorie-van-cayeux-sur-mer\\\/\",\"name\":\"De Pastorie van Cayeux Sur Mer : G\u00eete baie de Somme - Hidden Bay France\",\"isPartOf\":{\"@id\":\"https:\\\/\\\/www.hiddenbay.eu\\\/#website\"},\"primaryImageOfPage\":{\"@id\":\"https:\\\/\\\/www.hiddenbay.eu\\\/nl\\\/hotelkamers-en-vakantiehuizen\\\/gite-baie-de-somme-pastorie-van-cayeux-sur-mer\\\/#primaryimage\"},\"image\":{\"@id\":\"https:\\\/\\\/www.hiddenbay.eu\\\/nl\\\/hotelkamers-en-vakantiehuizen\\\/gite-baie-de-somme-pastorie-van-cayeux-sur-mer\\\/#primaryimage\"},\"thumbnailUrl\":\"https:\\\/\\\/www.hiddenbay.eu\\\/wp-content\\\/uploads\\\/2019\\\/03\\\/Presbyt\u00e8re-Cayeux-G\u00eete-de-Baie-de-Somme-kopie-3.jpg\",\"datePublished\":\"2020-02-17T13:58:32+00:00\",\"dateModified\":\"2022-06-29T16:19:05+00:00\",\"description\":\"De pastorie van Cayeux Sur Mer. Onze g\u00eete in de Sommebaai biedt een ideale accommodatie voor familie of een groep goede vrienden.\",\"breadcrumb\":{\"@id\":\"https:\\\/\\\/www.hiddenbay.eu\\\/nl\\\/hotelkamers-en-vakantiehuizen\\\/gite-baie-de-somme-pastorie-van-cayeux-sur-mer\\\/#breadcrumb\"},\"inLanguage\":\"nl-NL\",\"potentialAction\":[{\"@type\":\"ReadAction\",\"target\":[\"https:\\\/\\\/www.hiddenbay.eu\\\/nl\\\/hotelkamers-en-vakantiehuizen\\\/gite-baie-de-somme-pastorie-van-cayeux-sur-mer\\\/\"]}]},{\"@type\":\"ImageObject\",\"inLanguage\":\"nl-NL\",\"@id\":\"https:\\\/\\\/www.hiddenbay.eu\\\/nl\\\/hotelkamers-en-vakantiehuizen\\\/gite-baie-de-somme-pastorie-van-cayeux-sur-mer\\\/#primaryimage\",\"url\":\"https:\\\/\\\/www.hiddenbay.eu\\\/wp-content\\\/uploads\\\/2019\\\/03\\\/Presbyt\u00e8re-Cayeux-G\u00eete-de-Baie-de-Somme-kopie-3.jpg\",\"contentUrl\":\"https:\\\/\\\/www.hiddenbay.eu\\\/wp-content\\\/uploads\\\/2019\\\/03\\\/Presbyt\u00e8re-Cayeux-G\u00eete-de-Baie-de-Somme-kopie-3.jpg\",\"width\":1153,\"height\":768,\"caption\":\"G\u00eete de Baie de Somme maison de vacances pour 12 personnes\"},{\"@type\":\"BreadcrumbList\",\"@id\":\"https:\\\/\\\/www.hiddenbay.eu\\\/nl\\\/hotelkamers-en-vakantiehuizen\\\/gite-baie-de-somme-pastorie-van-cayeux-sur-mer\\\/#breadcrumb\",\"itemListElement\":[{\"@type\":\"ListItem\",\"position\":1,\"name\":\"Home\",\"item\":\"https:\\\/\\\/www.hiddenbay.eu\\\/\"},{\"@type\":\"ListItem\",\"position\":2,\"name\":\"G\u00eetes en kamers\",\"item\":\"https:\\\/\\\/www.hiddenbay.eu\\\/nl\\\/hotelkamers-en-vakantiehuizen\\\/\"},{\"@type\":\"ListItem\",\"position\":3,\"name\":\"De Pastorie van Cayeux Sur Mer : G\u00eete baie de Somme\"}]},{\"@type\":\"WebSite\",\"@id\":\"https:\\\/\\\/www.hiddenbay.eu\\\/#website\",\"url\":\"https:\\\/\\\/www.hiddenbay.eu\\\/\",\"name\":\"Hidden Bay Hotel\",\"description\":\"in het Franse Cayeux-sur-Mer, aan de Picardische kust, net onder de Somme-baai.\",\"publisher\":{\"@id\":\"https:\\\/\\\/www.hiddenbay.eu\\\/#organization\"},\"potentialAction\":[{\"@type\":\"SearchAction\",\"target\":{\"@type\":\"EntryPoint\",\"urlTemplate\":\"https:\\\/\\\/www.hiddenbay.eu\\\/?s={search_term_string}\"},\"query-input\":{\"@type\":\"PropertyValueSpecification\",\"valueRequired\":true,\"valueName\":\"search_term_string\"}}],\"inLanguage\":\"nl-NL\"},{\"@type\":\"Organization\",\"@id\":\"https:\\\/\\\/www.hiddenbay.eu\\\/#organization\",\"name\":\"Hidden Bay Hotel\",\"url\":\"https:\\\/\\\/www.hiddenbay.eu\\\/\",\"logo\":{\"@type\":\"ImageObject\",\"inLanguage\":\"nl-NL\",\"@id\":\"https:\\\/\\\/www.hiddenbay.eu\\\/#\\\/schema\\\/logo\\\/image\\\/\",\"url\":\"https:\\\/\\\/www.hiddenbay.eu\\\/wp-content\\\/uploads\\\/2018\\\/12\\\/logo-hidden-bay-hotel-1.svg\",\"contentUrl\":\"https:\\\/\\\/www.hiddenbay.eu\\\/wp-content\\\/uploads\\\/2018\\\/12\\\/logo-hidden-bay-hotel-1.svg\",\"width\":160,\"height\":160,\"caption\":\"Hidden Bay Hotel\"},\"image\":{\"@id\":\"https:\\\/\\\/www.hiddenbay.eu\\\/#\\\/schema\\\/logo\\\/image\\\/\"},\"sameAs\":[\"https:\\\/\\\/www.facebook.com\\\/Hiddenbayhotel\\\/\",\"https:\\\/\\\/www.instagram.com\\\/hiddenbayhotelfrance\\\/\",\"https:\\\/\\\/www.pinterest.com\\\/hiddenbayhotelfrance\\\/\"]}]}<\/script>\n<!-- \/ Yoast SEO plugin. -->","yoast_head_json":{"title":"De Pastorie van Cayeux Sur Mer : G\u00eete baie de Somme - Hidden Bay France","description":"De pastorie van Cayeux Sur Mer. Onze g\u00eete in de Sommebaai biedt een ideale accommodatie voor familie of een groep goede vrienden.","robots":{"index":"index","follow":"follow","max-snippet":"max-snippet:-1","max-image-preview":"max-image-preview:large","max-video-preview":"max-video-preview:-1"},"canonical":"https:\/\/www.hiddenbay.eu\/nl\/hotelkamers-en-vakantiehuizen\/gite-baie-de-somme-pastorie-van-cayeux-sur-mer\/","og_locale":"nl_NL","og_type":"article","og_title":"De Pastorie van Cayeux Sur Mer : G\u00eete baie de Somme - Hidden Bay France","og_description":"De pastorie van Cayeux Sur Mer. Onze g\u00eete in de Sommebaai biedt een ideale accommodatie voor familie of een groep goede vrienden.","og_url":"https:\/\/www.hiddenbay.eu\/nl\/hotelkamers-en-vakantiehuizen\/gite-baie-de-somme-pastorie-van-cayeux-sur-mer\/","og_site_name":"Hidden Bay France","article_publisher":"https:\/\/www.facebook.com\/Hiddenbayhotel\/","article_modified_time":"2022-06-29T16:19:05+00:00","og_image":[{"width":1153,"height":768,"url":"https:\/\/www.hiddenbay.eu\/wp-content\/uploads\/2019\/03\/Presbyt\u00e8re-Cayeux-G\u00eete-de-Baie-de-Somme-kopie-3.jpg","type":"image\/jpeg"}],"twitter_card":"summary_large_image","twitter_misc":{"Geschatte leestijd":"2 minuten"},"schema":{"@context":"https:\/\/schema.org","@graph":[{"@type":"WebPage","@id":"https:\/\/www.hiddenbay.eu\/nl\/hotelkamers-en-vakantiehuizen\/gite-baie-de-somme-pastorie-van-cayeux-sur-mer\/","url":"https:\/\/www.hiddenbay.eu\/nl\/hotelkamers-en-vakantiehuizen\/gite-baie-de-somme-pastorie-van-cayeux-sur-mer\/","name":"De Pastorie van Cayeux Sur Mer : G\u00eete baie de Somme - Hidden Bay France","isPartOf":{"@id":"https:\/\/www.hiddenbay.eu\/#website"},"primaryImageOfPage":{"@id":"https:\/\/www.hiddenbay.eu\/nl\/hotelkamers-en-vakantiehuizen\/gite-baie-de-somme-pastorie-van-cayeux-sur-mer\/#primaryimage"},"image":{"@id":"https:\/\/www.hiddenbay.eu\/nl\/hotelkamers-en-vakantiehuizen\/gite-baie-de-somme-pastorie-van-cayeux-sur-mer\/#primaryimage"},"thumbnailUrl":"https:\/\/www.hiddenbay.eu\/wp-content\/uploads\/2019\/03\/Presbyt\u00e8re-Cayeux-G\u00eete-de-Baie-de-Somme-kopie-3.jpg","datePublished":"2020-02-17T13:58:32+00:00","dateModified":"2022-06-29T16:19:05+00:00","description":"De pastorie van Cayeux Sur Mer. Onze g\u00eete in de Sommebaai biedt een ideale accommodatie voor familie of een groep goede vrienden.","breadcrumb":{"@id":"https:\/\/www.hiddenbay.eu\/nl\/hotelkamers-en-vakantiehuizen\/gite-baie-de-somme-pastorie-van-cayeux-sur-mer\/#breadcrumb"},"inLanguage":"nl-NL","potentialAction":[{"@type":"ReadAction","target":["https:\/\/www.hiddenbay.eu\/nl\/hotelkamers-en-vakantiehuizen\/gite-baie-de-somme-pastorie-van-cayeux-sur-mer\/"]}]},{"@type":"ImageObject","inLanguage":"nl-NL","@id":"https:\/\/www.hiddenbay.eu\/nl\/hotelkamers-en-vakantiehuizen\/gite-baie-de-somme-pastorie-van-cayeux-sur-mer\/#primaryimage","url":"https:\/\/www.hiddenbay.eu\/wp-content\/uploads\/2019\/03\/Presbyt\u00e8re-Cayeux-G\u00eete-de-Baie-de-Somme-kopie-3.jpg","contentUrl":"https:\/\/www.hiddenbay.eu\/wp-content\/uploads\/2019\/03\/Presbyt\u00e8re-Cayeux-G\u00eete-de-Baie-de-Somme-kopie-3.jpg","width":1153,"height":768,"caption":"G\u00eete de Baie de Somme maison de vacances pour 12 personnes"},{"@type":"BreadcrumbList","@id":"https:\/\/www.hiddenbay.eu\/nl\/hotelkamers-en-vakantiehuizen\/gite-baie-de-somme-pastorie-van-cayeux-sur-mer\/#breadcrumb","itemListElement":[{"@type":"ListItem","position":1,"name":"Home","item":"https:\/\/www.hiddenbay.eu\/"},{"@type":"ListItem","position":2,"name":"G\u00eetes en kamers","item":"https:\/\/www.hiddenbay.eu\/nl\/hotelkamers-en-vakantiehuizen\/"},{"@type":"ListItem","position":3,"name":"De Pastorie van Cayeux Sur Mer : G\u00eete baie de Somme"}]},{"@type":"WebSite","@id":"https:\/\/www.hiddenbay.eu\/#website","url":"https:\/\/www.hiddenbay.eu\/","name":"Hidden Bay Hotel","description":"in het Franse Cayeux-sur-Mer, aan de Picardische kust, net onder de Somme-baai.","publisher":{"@id":"https:\/\/www.hiddenbay.eu\/#organization"},"potentialAction":[{"@type":"SearchAction","target":{"@type":"EntryPoint","urlTemplate":"https:\/\/www.hiddenbay.eu\/?s={search_term_string}"},"query-input":{"@type":"PropertyValueSpecification","valueRequired":true,"valueName":"search_term_string"}}],"inLanguage":"nl-NL"},{"@type":"Organization","@id":"https:\/\/www.hiddenbay.eu\/#organization","name":"Hidden Bay Hotel","url":"https:\/\/www.hiddenbay.eu\/","logo":{"@type":"ImageObject","inLanguage":"nl-NL","@id":"https:\/\/www.hiddenbay.eu\/#\/schema\/logo\/image\/","url":"https:\/\/www.hiddenbay.eu\/wp-content\/uploads\/2018\/12\/logo-hidden-bay-hotel-1.svg","contentUrl":"https:\/\/www.hiddenbay.eu\/wp-content\/uploads\/2018\/12\/logo-hidden-bay-hotel-1.svg","width":160,"height":160,"caption":"Hidden Bay Hotel"},"image":{"@id":"https:\/\/www.hiddenbay.eu\/#\/schema\/logo\/image\/"},"sameAs":["https:\/\/www.facebook.com\/Hiddenbayhotel\/","https:\/\/www.instagram.com\/hiddenbayhotelfrance\/","https:\/\/www.pinterest.com\/hiddenbayhotelfrance\/"]}]}},"_links":{"self":[{"href":"https:\/\/www.hiddenbay.eu\/nl\/wp-json\/wp\/v2\/pages\/3162","targetHints":{"allow":["GET"]}}],"collection":[{"href":"https:\/\/www.hiddenbay.eu\/nl\/wp-json\/wp\/v2\/pages"}],"about":[{"href":"https:\/\/www.hiddenbay.eu\/nl\/wp-json\/wp\/v2\/types\/page"}],"author":[{"embeddable":true,"href":"https:\/\/www.hiddenbay.eu\/nl\/wp-json\/wp\/v2\/users\/3"}],"replies":[{"embeddable":true,"href":"https:\/\/www.hiddenbay.eu\/nl\/wp-json\/wp\/v2\/comments?post=3162"}],"version-history":[{"count":5,"href":"https:\/\/www.hiddenbay.eu\/nl\/wp-json\/wp\/v2\/pages\/3162\/revisions"}],"predecessor-version":[{"id":7488,"href":"https:\/\/www.hiddenbay.eu\/nl\/wp-json\/wp\/v2\/pages\/3162\/revisions\/7488"}],"up":[{"embeddable":true,"href":"https:\/\/www.hiddenbay.eu\/nl\/wp-json\/wp\/v2\/pages\/2333"}],"wp:featuredmedia":[{"embeddable":true,"href":"https:\/\/www.hiddenbay.eu\/nl\/wp-json\/wp\/v2\/media\/3167"}],"wp:attachment":[{"href":"https:\/\/www.hiddenbay.eu\/nl\/wp-json\/wp\/v2\/media?parent=3162"}],"curies":[{"name":"wp","href":"https:\/\/api.w.org\/{rel}","templated":true}]}}